{"id":256,"date":"2016-10-14T09:35:56","date_gmt":"2016-10-14T07:35:56","guid":{"rendered":"http:\/\/www.araf.ch\/?page_id=256"},"modified":"2016-10-14T09:44:13","modified_gmt":"2016-10-14T07:44:13","slug":"testimonianze","status":"publish","type":"page","link":"https:\/\/www.araf.ch\/?page_id=256","title":{"rendered":"Testimonianze"},"content":{"rendered":"<p>[vc_row css=&#8221;.vc_custom_1458054024527{background-color: #dedede !important;}&#8221;][vc_column css=&#8221;.vc_custom_1458054513679{margin-top: 20px !important;margin-right: 20px !important;margin-bottom: 20px !important;margin-left: 20px !important;background-color: #dedede !important;}&#8221;][vc_column_text css=&#8221;.vc_custom_1458054990200{margin-right: 40px !important;}&#8221;]<strong>Clarissa Stucki, formatasi presso Palo Alto SA, Lugano<\/strong><\/p>\n<p style=\"text-align: justify;\">Ho aderito al progetto ARAF per pura casualit\u00e0\u2026 Posso per\u00f2 affermare che, dopo aver fatto un anno di liceo e cambiato totalmente strada, sono molto contenta. Con un apprendistato ARAF mi sento pi\u00f9 sicura e motivata perch\u00e9 oltre ad avere un datore di lavoro che mi segue, ho anche un formatore aziendale molto vicino a me. Sono pi\u00f9 seguita a scuola e sul lavoro, se ho dei problemi o vorrei chiarimenti su qualsiasi situazione so sempre a chi rivolgermi in ogni momento\u2026 Riguardo le mie aspettative future, voglio mantenere o anche migliorare la mia attuale situazione. Vorrei capire sempre meglio come funziona l\u2019azienda in cui lavoro e conseguire la maturit\u00e0 commerciale. In un futuro un po\u2019 pi\u00f9 lontano mi piacerebbe lavorare nell\u2019ambito della pubblicit\u00e0 rivolta nel mondo grafico.<\/p>\n<p>[\/vc_column_text][\/vc_column][\/vc_row][vc_row][vc_column css=&#8221;.vc_custom_1458054937708{margin-top: 20px !important;margin-right: 20px !important;margin-bottom: 20px !important;margin-left: 20px !important;}&#8221;][vc_column_text css=&#8221;.vc_custom_1458054930566{margin-right: 40px !important;}&#8221;]<strong>Denise Colombini, formatasi presso Leventina Turismo, Faido e Airolo<\/strong><\/p>\n<p style=\"text-align: justify;\">Ho optato per un apprendistato ARAF perch\u00e9 ho la possibilit\u00e0 di essere seguita, oltre che da un datore di lavoro, da un formatore in azienda e, poi perch\u00e9 durante i tre anni posso cambiare posto di lavoro. Sono soddisfatta di quanto svolto finora e spero di poter migliorare ed eventualmente approfondire le conoscenze professionali in altri settori.<\/p>\n<p>[\/vc_column_text][\/vc_column][\/vc_row][vc_row css=&#8221;.vc_custom_1476431025535{background-color: #dedede !important;}&#8221;][vc_column css=&#8221;.vc_custom_1458054937708{margin-top: 20px !important;margin-right: 20px !important;margin-bottom: 20px !important;margin-left: 20px !important;}&#8221;][vc_column_text css=&#8221;.vc_custom_1459429417180{margin-right: 40px !important;}&#8221;]<strong>Aleksandra Gajic, formatasi presso l\u2019Istituto von Mentlen e SIC Ticino<\/strong><\/p>\n<p style=\"text-align: justify;\">Ho iniziato il mio apprendistato presso l\u2019Istituto von Mentlen di Bellinzona con l\u2019Associazione della Rete di Aziende Formatrici del Canton Ticino. Il secondo anno ho avuto l\u2019opportunit\u00e0 di usufruire della rotazione e spostarmi in un ambito completamente diverso ossia alla Societ\u00e0 degli impiegati del commercio dove ho anche concluso la formazione. Durante l\u2019arco dei tre anni sono stata seguita da un coordinatore ARAF in qualit\u00e0 di formatore aziendale e da un formatore di pratica interno all\u2019azienda formatrice. Entrambi mi hanno sempre dato un grande sostegno e soprattutto un\u2019istruzione professionale di alto livello. Dopo aver ottenuto l\u2019Attestato federale di capacit\u00e0 con ottimi risultati, ho frequentato un anno di Maturit\u00e0 professionale commerciale a tempo pieno. Da luglio 2015 sono stata assunta a tempo pieno dalla Societ\u00e0 degli impiegati del commercio dove lavoro con grande motivazione e con la possibilit\u00e0 di migliorare sempre di pi\u00f9 in ottica professionale.<\/p>\n<p>[\/vc_column_text][\/vc_column][\/vc_row]<\/p>\n","protected":false},"excerpt":{"rendered":"<p>[vc_row css=&#8221;.vc_custom_1458054024527{background-color: #dedede !important;}&#8221;][vc_column css=&#8221;.vc_custom_1458054513679{margin-top: 20px !important;margin-right: 20px !important;margin-bottom: 20px !important;margin-left: 20px !important;background-color: #dedede !important;}&#8221;][vc_column_text css=&#8221;.vc_custom_1458054990200{margin-right: 40px !important;}&#8221;]Clarissa Stucki, formatasi [&hellip;]<\/p>\n","protected":false},"author":1,"featured_media":0,"parent":42,"menu_order":0,"comment_status":"closed","ping_status":"closed","template":"","meta":[],"_links":{"self":[{"href":"https:\/\/www.araf.ch\/index.php?rest_route=\/wp\/v2\/pages\/256"}],"collection":[{"href":"https:\/\/www.araf.ch\/index.php?rest_route=\/wp\/v2\/pages"}],"about":[{"href":"https:\/\/www.araf.ch\/index.php?rest_route=\/wp\/v2\/types\/page"}],"author":[{"embeddable":true,"href":"https:\/\/www.araf.ch\/index.php?rest_route=\/wp\/v2\/users\/1"}],"replies":[{"embeddable":true,"href":"https:\/\/www.araf.ch\/index.php?rest_route=%2Fwp%2Fv2%2Fcomments&post=256"}],"version-history":[{"count":3,"href":"https:\/\/www.araf.ch\/index.php?rest_route=\/wp\/v2\/pages\/256\/revisions"}],"predecessor-version":[{"id":262,"href":"https:\/\/www.araf.ch\/index.php?rest_route=\/wp\/v2\/pages\/256\/revisions\/262"}],"up":[{"embeddable":true,"href":"https:\/\/www.araf.ch\/index.php?rest_route=\/wp\/v2\/pages\/42"}],"wp:attachment":[{"href":"https:\/\/www.araf.ch\/index.php?rest_route=%2Fwp%2Fv2%2Fmedia&parent=256"}],"curies":[{"name":"wp","href":"https:\/\/api.w.org\/{rel}","templated":true}]}}