{"id":48,"date":"2016-03-11T07:06:10","date_gmt":"2016-03-11T06:06:10","guid":{"rendered":"http:\/\/www.araf.ch\/?page_id=48"},"modified":"2016-12-02T09:27:39","modified_gmt":"2016-12-02T08:27:39","slug":"testimonianze","status":"publish","type":"page","link":"https:\/\/www.araf.ch\/?page_id=48","title":{"rendered":"Testimonianze"},"content":{"rendered":"<p>[vc_row css=&#8221;.vc_custom_1458054024527{background-color: #dedede !important;}&#8221;][vc_column css=&#8221;.vc_custom_1458054218218{margin-top: 20px !important;margin-right: 20px !important;margin-bottom: 20px !important;margin-left: 20px !important;background-color: #dedede !important;}&#8221;][vc_column_text css=&#8221;.vc_custom_1480667249285{margin-right: 40px !important;}&#8221;]<strong>Istituto Von Mentlen, Bellinzona &#8211; Carlo Bizzozero, gi\u00e0 Direttore<\/strong><\/p>\n<p style=\"text-align: justify;\">Per un Istituto a carattere socio-educativo, quale \u00e8 il von Mentlen, assolvere la propria missione operando in sinergia con gli enti e i professionisti operanti sul territorio costituisce una condizione ineludibile. In forza di questo presupposto, offrire a un giovane l\u2019opportunit\u00e0 di formarsi, secondo il sistema in rete, \u00e8 sembrata ottimale. La componente pi\u00f9 significativa appare senza dubbio la possibilit\u00e0 di diversificazione delle esperienze e delle conoscenze. In altre parole, la doverosa valorizzazione delle componenti della versatilit\u00e0 e della complementariet\u00e0.<\/p>\n<p>[\/vc_column_text][\/vc_column][\/vc_row][vc_row][vc_column css=&#8221;.vc_custom_1458054338236{margin-right: 20px !important;margin-bottom: 20px !important;margin-left: 20px !important;}&#8221;][vc_column_text css=&#8221;.vc_custom_1458054400103{margin-right: 40px !important;}&#8221;]<strong>Ticino Turismo, Bellinzona &#8211; Alberto Monticelli, Responsabile amministrativo<\/strong><\/p>\n<p style=\"text-align: justify;\">L\u2019Agenzia turistica ticinese SA, quale istituzione di diritto pubblico, dalla sua costituzione si \u00e8 sempre preoccupata di offrire la possibilit\u00e0 ai giovani di intraprendere una formazione commerciale. Dopo una pausa di alcuni anni, grazie alla neo-costituita ARAF Ticino, dal 2007 abbiamo ripreso a formare giovani apprendisti. In effetti, poter condividere la responsabilit\u00e0 della formazione con altre aziende e soprattutto potersi appoggiare a un ente esterno che ci sostiene e ci accompagna nella formazione e che si assume le responsabilit\u00e0 e gli aspetti amministrativi, ci \u00e8 parso interessante.<\/p>\n<p>[\/vc_column_text][\/vc_column][\/vc_row][vc_row css=&#8221;.vc_custom_1458054024527{background-color: #dedede !important;}&#8221;][vc_column css=&#8221;.vc_custom_1458054513679{margin-top: 20px !important;margin-right: 20px !important;margin-bottom: 20px !important;margin-left: 20px !important;background-color: #dedede !important;}&#8221;][vc_column_text css=&#8221;.vc_custom_1458054477168{margin-right: 40px !important;}&#8221;]<strong>Palo Alto SA, Lugano &#8211; Emanuele Severoni, Direttore<\/strong><\/p>\n<p style=\"text-align: justify;\">Siamo specializzati e attenti all\u2019innovazione nella gestione globale e nel management dei documenti. La nostra forza sono i collaboratori qualificati, che ci permettono di affrontare con efficienza le molteplici sfide del futuro. Riteniamo fondamentale formare giovani leve per poter disporre di personale qualificato. Da qualche anno formiamo apprendisti \u201cinformatici di supporto\u201d e dal 2007, aderendo ad ARAF Ticino, formiamo in rete un\u2019apprendista impiegata di commercio. Apprezziamo la presenza di un\u2019Istituzione guida che assicura la qualit\u00e0 della formazione nella sua globalit\u00e0 e sul posto di lavoro, che segue l\u2019apprendista dal punto di vista scolastico, lasciandoci per\u00f2 il compito di offrire un luogo di lavoro gradevole e conforme al piano di formazione stabilito. A oggi la nostra esperienza quale azienda formatrice \u00e8 fortemente positiva. Siamo orgogliosi di poter partecipare allo sviluppo professionale di giovani del nostro Cantone.<\/p>\n<p>[\/vc_column_text][\/vc_column][\/vc_row]<\/p>\n","protected":false},"excerpt":{"rendered":"<p>[vc_row css=&#8221;.vc_custom_1458054024527{background-color: #dedede !important;}&#8221;][vc_column css=&#8221;.vc_custom_1458054218218{margin-top: 20px !important;margin-right: 20px !important;margin-bottom: 20px !important;margin-left: 20px !important;background-color: #dedede !important;}&#8221;][vc_column_text css=&#8221;.vc_custom_1480667249285{margin-right: 40px !important;}&#8221;]Istituto Von Mentlen, [&hellip;]<\/p>\n","protected":false},"author":1,"featured_media":0,"parent":39,"menu_order":0,"comment_status":"closed","ping_status":"closed","template":"","meta":[],"_links":{"self":[{"href":"https:\/\/www.araf.ch\/index.php?rest_route=\/wp\/v2\/pages\/48"}],"collection":[{"href":"https:\/\/www.araf.ch\/index.php?rest_route=\/wp\/v2\/pages"}],"about":[{"href":"https:\/\/www.araf.ch\/index.php?rest_route=\/wp\/v2\/types\/page"}],"author":[{"embeddable":true,"href":"https:\/\/www.araf.ch\/index.php?rest_route=\/wp\/v2\/users\/1"}],"replies":[{"embeddable":true,"href":"https:\/\/www.araf.ch\/index.php?rest_route=%2Fwp%2Fv2%2Fcomments&post=48"}],"version-history":[{"count":22,"href":"https:\/\/www.araf.ch\/index.php?rest_route=\/wp\/v2\/pages\/48\/revisions"}],"predecessor-version":[{"id":299,"href":"https:\/\/www.araf.ch\/index.php?rest_route=\/wp\/v2\/pages\/48\/revisions\/299"}],"up":[{"embeddable":true,"href":"https:\/\/www.araf.ch\/index.php?rest_route=\/wp\/v2\/pages\/39"}],"wp:attachment":[{"href":"https:\/\/www.araf.ch\/index.php?rest_route=%2Fwp%2Fv2%2Fmedia&parent=48"}],"curies":[{"name":"wp","href":"https:\/\/api.w.org\/{rel}","templated":true}]}}