{"id":9,"date":"2016-03-10T17:21:42","date_gmt":"2016-03-10T16:21:42","guid":{"rendered":"http:\/\/www.araf.ch\/?page_id=9"},"modified":"2016-03-14T11:52:03","modified_gmt":"2016-03-14T10:52:03","slug":"visione-e-missione","status":"publish","type":"page","link":"https:\/\/www.araf.ch\/?page_id=9","title":{"rendered":"Visione e Missione"},"content":{"rendered":"<p>[vc_row][vc_column width=&#8221;1\/1&#8243;][vc_column_text]<\/p>\n<h3><strong><br \/>\nVisione<\/strong><\/h3>\n<p style=\"text-align: justify;\">ARAF Ticino ricerca aziende interessate a questo innovativo modello di formazione per attuare misure di formazione e di accompagnamento delle aziende formatrici della rete nel campo del commercio. Promuove questo modello di formazione in altri settori professionali.<\/p>\n<hr \/>\n<h3><strong><br \/>\nMissione<\/strong><\/h3>\n<p style=\"text-align: justify;\">ARAF Ticino promuove e offre posti di tirocinio di qualit\u00e0. Essa cerca aziende con potenzialit\u00e0 di formazione e definisce i piani di formazione e di rotazione degli apprendisti nelle aziende della rete. Tutto ci\u00f2 nell\u2019ottica di una formazione completa, curando la ricerca e la selezione di apprendisti, assumendo la responsabilit\u00e0 della stipulazione dei contratti di tirocinio e sostenendo le aziende nell\u2019acquisizione di competenze nella formazione di apprendisti.<\/p>\n<p>[\/vc_column_text][\/vc_column][\/vc_row][vc_row][vc_column width=&#8221;1\/1&#8243;][vc_single_image image=&#8221;80&#8243; alignment=&#8221;center&#8221; border_color=&#8221;grey&#8221; img_link_large=&#8221;&#8221; img_link_target=&#8221;_self&#8221; img_size=&#8221;full&#8221;][\/vc_column][\/vc_row]<\/p>\n","protected":false},"excerpt":{"rendered":"<p>[vc_row][vc_column width=&#8221;1\/1&#8243;][vc_column_text] Visione ARAF Ticino ricerca aziende interessate a questo innovativo modello di formazione per attuare misure di formazione e [&hellip;]<\/p>\n","protected":false},"author":1,"featured_media":0,"parent":0,"menu_order":0,"comment_status":"closed","ping_status":"closed","template":"","meta":[],"_links":{"self":[{"href":"https:\/\/www.araf.ch\/index.php?rest_route=\/wp\/v2\/pages\/9"}],"collection":[{"href":"https:\/\/www.araf.ch\/index.php?rest_route=\/wp\/v2\/pages"}],"about":[{"href":"https:\/\/www.araf.ch\/index.php?rest_route=\/wp\/v2\/types\/page"}],"author":[{"embeddable":true,"href":"https:\/\/www.araf.ch\/index.php?rest_route=\/wp\/v2\/users\/1"}],"replies":[{"embeddable":true,"href":"https:\/\/www.araf.ch\/index.php?rest_route=%2Fwp%2Fv2%2Fcomments&post=9"}],"version-history":[{"count":9,"href":"https:\/\/www.araf.ch\/index.php?rest_route=\/wp\/v2\/pages\/9\/revisions"}],"predecessor-version":[{"id":83,"href":"https:\/\/www.araf.ch\/index.php?rest_route=\/wp\/v2\/pages\/9\/revisions\/83"}],"wp:attachment":[{"href":"https:\/\/www.araf.ch\/index.php?rest_route=%2Fwp%2Fv2%2Fmedia&parent=9"}],"curies":[{"name":"wp","href":"https:\/\/api.w.org\/{rel}","templated":true}]}}